{"id":934,"date":"2013-10-09T16:13:56","date_gmt":"2013-10-09T14:13:56","guid":{"rendered":"http:\/\/siekerfelde.de\/wordpress\/?page_id=934"},"modified":"2022-05-13T10:59:08","modified_gmt":"2022-05-13T08:59:08","slug":"getraenke","status":"publish","type":"page","link":"https:\/\/siekerfelde.de\/?page_id=934","title":{"rendered":"Getr\u00e4nkekarte"},"content":{"rendered":"<p><strong><em>Biere<\/em><\/strong><\/p>\n<ul>\n<li><strong><em>Herforder Pils vom Fass<\/em><\/strong><\/li>\n<li><strong><em>Herforder Pils alkoholfrei<\/em><\/strong><\/li>\n<li><strong><em>Warsteiner Pils vom Fass<\/em><\/strong><\/li>\n<li><strong><em>Alt\/Alt-Schuss vom Fass<\/em><\/strong><\/li>\n<li><strong><em>Altbier-Erdbeerbowle<\/em><\/strong><\/li>\n<li><strong><em>Weizenbier (K\u00f6nig Ludwig)<\/em><\/strong><\/li>\n<li><strong><em>Weizen alkoholfrei (K\u00f6nig Ludwig)<\/em><\/strong><\/li>\n<li><strong><em>Weizen dunkel (K\u00f6nig Ludwig)<\/em><\/strong><\/li>\n<li><strong><em>Weizen kristall (K\u00f6nig Ludwig)<\/em><\/strong><\/li>\n<li><strong><em>Malzbier<\/em><\/strong><\/li>\n<\/ul>\n<p><strong><em>Alkoholfreie Getr\u00e4nke:<\/em><\/strong><\/p>\n<ul>\n<li><strong><em>Cola, Fanta, Sprite<\/em><\/strong><\/li>\n<li><strong><em>Wasser<\/em><\/strong><\/li>\n<li><strong><em>Apfelschorle<\/em><\/strong><\/li>\n<li><strong><em>Orangensaft<\/em><\/strong><\/li>\n<li><strong><em>Kirschsaft<\/em><\/strong><\/li>\n<li><strong><em>Bananensaft<\/em><\/strong><\/li>\n<li><strong><em>Sangrita<\/em><\/strong><\/li>\n<li><strong><em>hausgemachte Limonaden<\/em><\/strong><\/li>\n<\/ul>\n<p><strong><em>Warme Getr\u00e4nke:<\/em><\/strong><\/p>\n<ul>\n<li><strong><em>Cappuccino<\/em><\/strong><\/li>\n<li><strong><em>Espresso<\/em><\/strong><\/li>\n<li><strong><em>Pott Kaffee<\/em><\/strong><\/li>\n<li><strong><em>Schwarzer Tee<\/em><\/strong><\/li>\n<li><strong><em>Fr\u00fcchtetee<\/em><\/strong><\/li>\n<li><strong><em>Pfefferminztee<\/em><\/strong><\/li>\n<li><strong><em>Rotbuschtee<\/em><\/strong><\/li>\n<li><strong><em>Hei\u00dfe Schokolade mit Sahne<\/em><\/strong><\/li>\n<li><strong><em>Hei\u00dfe Zitrone<\/em><\/strong><\/li>\n<li><strong><em>Gl\u00fchwein<\/em><\/strong><\/li>\n<\/ul>\n<p><strong><em>Unsere &#8222;Kleinen&#8220;:<\/em><\/strong><\/p>\n<ul>\n<li><strong><em>Korn<\/em><\/strong><\/li>\n<li><strong><em>Saurer Paul<\/em><\/strong><\/li>\n<li><strong><em>Wachholder Schuss<\/em><\/strong><\/li>\n<li><strong><em>T\u00f6ns<\/em><\/strong><\/li>\n<li><strong><em>Ouzo<\/em><\/strong><\/li>\n<li><strong><em>Tequila wei\u00df<\/em><\/strong><\/li>\n<li><strong><em>Vodka<\/em><\/strong><\/li>\n<li><strong><em>Gin<\/em><\/strong><\/li>\n<li><strong><em>Havanna<\/em><\/strong><\/li>\n<li><strong><em>Jack Daniels<\/em><\/strong><\/li>\n<li><strong><em>Averna<\/em><\/strong><\/li>\n<li><strong><em>J\u00e4germeister<\/em><\/strong><\/li>\n<li><strong><em>Fernet Branca<\/em><\/strong><\/li>\n<li><strong><em>Ramazotti<\/em><\/strong><\/li>\n<li><strong><em>Sambuca<\/em><\/strong><\/li>\n<li><strong><em>Grappa<\/em><\/strong><\/li>\n<li><strong><em>Baileys<\/em><\/strong><\/li>\n<li><strong><em>Obstler<\/em><\/strong><\/li>\n<li><strong><em>Obstler Apfel Birne<\/em><\/strong><\/li>\n<li><strong><em>Obstler Marille<\/em><\/strong><\/li>\n<\/ul>\n","protected":false},"excerpt":{"rendered":"<p>Biere Herforder Pils vom Fass Herforder Pils alkoholfrei Warsteiner Pils vom Fass Alt\/Alt-Schuss vom Fass Altbier-Erdbeerbowle Weizenbier (K\u00f6nig Ludwig) Weizen alkoholfrei (K\u00f6nig Ludwig) Weizen dunkel (K\u00f6nig Ludwig) Weizen kristall (K\u00f6nig [&hellip;]<\/p>\n","protected":false},"author":2,"featured_media":0,"parent":0,"menu_order":0,"comment_status":"closed","ping_status":"closed","template":"","meta":{"ngg_post_thumbnail":0},"_links":{"self":[{"href":"https:\/\/siekerfelde.de\/index.php?rest_route=\/wp\/v2\/pages\/934"}],"collection":[{"href":"https:\/\/siekerfelde.de\/index.php?rest_route=\/wp\/v2\/pages"}],"about":[{"href":"https:\/\/siekerfelde.de\/index.php?rest_route=\/wp\/v2\/types\/page"}],"author":[{"embeddable":true,"href":"https:\/\/siekerfelde.de\/index.php?rest_route=\/wp\/v2\/users\/2"}],"replies":[{"embeddable":true,"href":"https:\/\/siekerfelde.de\/index.php?rest_route=%2Fwp%2Fv2%2Fcomments&post=934"}],"version-history":[{"count":12,"href":"https:\/\/siekerfelde.de\/index.php?rest_route=\/wp\/v2\/pages\/934\/revisions"}],"predecessor-version":[{"id":5933321,"href":"https:\/\/siekerfelde.de\/index.php?rest_route=\/wp\/v2\/pages\/934\/revisions\/5933321"}],"wp:attachment":[{"href":"https:\/\/siekerfelde.de\/index.php?rest_route=%2Fwp%2Fv2%2Fmedia&parent=934"}],"curies":[{"name":"wp","href":"https:\/\/api.w.org\/{rel}","templated":true}]}}