{"id":44,"date":"2013-10-08T10:03:31","date_gmt":"2013-10-08T08:03:31","guid":{"rendered":"http:\/\/siekerfelde.de\/wordpress\/?page_id=44"},"modified":"2023-05-15T16:00:02","modified_gmt":"2023-05-15T14:00:02","slug":"events","status":"publish","type":"page","link":"https:\/\/siekerfelde.de\/","title":{"rendered":"Startseite"},"content":{"rendered":"<div class=\"wp-block-image align center\">\n<figure class=\"aligncenter size-full is-resized\"><a href=\"http:\/\/siekerfelde.de\/wp-content\/uploads\/2013\/10\/spiegel_siekerfelde.png\"><img decoding=\"async\" loading=\"lazy\" src=\"http:\/\/siekerfelde.de\/wp-content\/uploads\/2013\/10\/spiegel_siekerfelde.png\" alt=\"Zum Siekerfelde - Spiegel\" class=\"wp-image-30\" width=\"819\" height=\"620\" srcset=\"https:\/\/siekerfelde.de\/wp-content\/uploads\/2013\/10\/spiegel_siekerfelde.png 799w, https:\/\/siekerfelde.de\/wp-content\/uploads\/2013\/10\/spiegel_siekerfelde-300x227.png 300w\" sizes=\"(max-width: 819px) 100vw, 819px\" \/><\/a><\/figure><\/div>\n\n\n<p>\u00d6ffnungszeiten<\/p>\n\n\n\n<p>Montag &#8211; Samstag 17.00- 23:00 Uhr &#8211; K\u00fcche ge\u00f6ffnet von 18.00 &#8211; 21.45 Uhr<br>Sonntag 17.00- 22:00 Uhr &#8211; K\u00fcche ge\u00f6ffnet von 17.00 bis 21.00 Uhr<\/p>\n\n\n\n<p>Euer Team Siekerfelde \u2600\ufe0f<\/p>\n","protected":false},"excerpt":{"rendered":"<p>\u00d6ffnungszeiten Montag &#8211; Samstag 17.00- 23:00 Uhr &#8211; K\u00fcche ge\u00f6ffnet von 18.00 &#8211; 21.45 UhrSonntag 17.00- 22:00 Uhr &#8211; K\u00fcche ge\u00f6ffnet von 17.00 bis 21.00 Uhr Euer Team Siekerfelde \u2600\ufe0f<\/p>\n","protected":false},"author":2,"featured_media":0,"parent":0,"menu_order":0,"comment_status":"closed","ping_status":"closed","template":"","meta":{"ngg_post_thumbnail":0},"_links":{"self":[{"href":"https:\/\/siekerfelde.de\/index.php?rest_route=\/wp\/v2\/pages\/44"}],"collection":[{"href":"https:\/\/siekerfelde.de\/index.php?rest_route=\/wp\/v2\/pages"}],"about":[{"href":"https:\/\/siekerfelde.de\/index.php?rest_route=\/wp\/v2\/types\/page"}],"author":[{"embeddable":true,"href":"https:\/\/siekerfelde.de\/index.php?rest_route=\/wp\/v2\/users\/2"}],"replies":[{"embeddable":true,"href":"https:\/\/siekerfelde.de\/index.php?rest_route=%2Fwp%2Fv2%2Fcomments&post=44"}],"version-history":[{"count":90,"href":"https:\/\/siekerfelde.de\/index.php?rest_route=\/wp\/v2\/pages\/44\/revisions"}],"predecessor-version":[{"id":6741689,"href":"https:\/\/siekerfelde.de\/index.php?rest_route=\/wp\/v2\/pages\/44\/revisions\/6741689"}],"wp:attachment":[{"href":"https:\/\/siekerfelde.de\/index.php?rest_route=%2Fwp%2Fv2%2Fmedia&parent=44"}],"curies":[{"name":"wp","href":"https:\/\/api.w.org\/{rel}","templated":true}]}}