{"id":939,"date":"2013-10-09T16:17:55","date_gmt":"2013-10-09T14:17:55","guid":{"rendered":"http:\/\/siekerfelde.de\/wordpress\/?page_id=939"},"modified":"2021-09-14T11:59:33","modified_gmt":"2021-09-14T09:59:33","slug":"hauptgerichte","status":"publish","type":"page","link":"http:\/\/siekerfelde.de\/?page_id=939","title":{"rendered":"Hauptgerichte"},"content":{"rendered":"<\/ul>\n<p><strong><em>Salate:<\/em><\/strong><\/p>\n<ul>\n<li><strong><em> Frischer Salat mit Schafsk\u00e4se und Brot<\/em><\/strong><\/li>\n<li><strong><em> Frischer Salat mit Thunfisch und Brot<\/em><\/strong><\/li>\n<li><strong><em> Frischer Salat mit Gefl\u00fcgelbruststreifen und Brot<\/em><\/strong><\/li>\n<li><strong><em> Dressing: Honig Senf oder Essig \u00d6l<\/em><\/strong><\/li>\n<\/ul>\n<p><strong><em>Diverse Gerichte:<\/em><\/strong><\/p>\n<ul>\n<li><strong><em> H\u00e4hnchen-Crossies mit Pommes, Knoblauchsauce und Salatbeilage<\/em><\/strong><\/li>\n<li><strong><em> Zigeunerschnitzel mit Pommes oder Bratkartoffeln<\/em><\/strong><\/li>\n<li><strong><em> J\u00e4gerschnitzel mit Waldpilzen, Pommes oder Bratkartoffeln und Salatbeilage<\/em><\/strong><\/li>\n<li><strong><em> Schnitzel Wiener Art mit Pommes und Salatbeilage<\/em><\/strong><\/li>\n<li><strong><em> Schnitzel Wiener art mit geschmorten Zwiebeln, Pommes oder Bratkartoffeln und Salatbeilage<\/em><\/strong><\/li>\n<li><strong><em> R\u00fchrei oder Spiegelei mit Bratkartoffeln und Salatbeilage<\/em><\/strong><\/li>\n<li><strong><em> Calamares mit hausgemachter Knoblauchsauce, Brot und Salatbeilage<\/em><\/strong><\/li>\n<li><strong><em> F\u00fcr die Kids&#8230; H\u00e4hnchen Crossies mit Pommes<\/em><\/strong><\/li>\n<p>nat\u00fcrlich haben wir zus\u00e4tzlich noch unsere wechselnde Wochenkarte<\/p>\n<\/ul>\n<p><strong><em>\u00a0<\/em><\/strong><\/p>\n<p><strong><em>Das Team Siekerfelde w\u00fcnscht guten Hunger&#8230;.<\/em><\/strong><\/p>\n","protected":false},"excerpt":{"rendered":"<p>Salate: Frischer Salat mit Schafsk\u00e4se und Brot Frischer Salat mit Thunfisch und Brot Frischer Salat mit Gefl\u00fcgelbruststreifen und Brot Dressing: Honig Senf oder Essig \u00d6l Diverse Gerichte: H\u00e4hnchen-Crossies mit Pommes, [&hellip;]<\/p>\n","protected":false},"author":2,"featured_media":0,"parent":0,"menu_order":0,"comment_status":"closed","ping_status":"closed","template":"","meta":{"ngg_post_thumbnail":0},"_links":{"self":[{"href":"http:\/\/siekerfelde.de\/index.php?rest_route=\/wp\/v2\/pages\/939"}],"collection":[{"href":"http:\/\/siekerfelde.de\/index.php?rest_route=\/wp\/v2\/pages"}],"about":[{"href":"http:\/\/siekerfelde.de\/index.php?rest_route=\/wp\/v2\/types\/page"}],"author":[{"embeddable":true,"href":"http:\/\/siekerfelde.de\/index.php?rest_route=\/wp\/v2\/users\/2"}],"replies":[{"embeddable":true,"href":"http:\/\/siekerfelde.de\/index.php?rest_route=%2Fwp%2Fv2%2Fcomments&post=939"}],"version-history":[{"count":15,"href":"http:\/\/siekerfelde.de\/index.php?rest_route=\/wp\/v2\/pages\/939\/revisions"}],"predecessor-version":[{"id":5014133,"href":"http:\/\/siekerfelde.de\/index.php?rest_route=\/wp\/v2\/pages\/939\/revisions\/5014133"}],"wp:attachment":[{"href":"http:\/\/siekerfelde.de\/index.php?rest_route=%2Fwp%2Fv2%2Fmedia&parent=939"}],"curies":[{"name":"wp","href":"https:\/\/api.w.org\/{rel}","templated":true}]}}